{"id":38,"date":"2025-01-15T12:54:08","date_gmt":"2025-01-15T12:54:08","guid":{"rendered":"https:\/\/luxuryvillaella.com\/?page_id=38"},"modified":"2025-07-30T11:24:42","modified_gmt":"2025-07-30T10:24:42","slug":"uvjeti-i-odredbe","status":"publish","type":"page","link":"https:\/\/luxuryvillaella.com\/it\/uvjeti-i-odredbe\/","title":{"rendered":"Informativa sulla privacy"},"content":{"rendered":"<div data-elementor-type=\"wp-page\" data-elementor-id=\"38\" class=\"elementor elementor-38\" data-elementor-post-type=\"page\">\n\t\t\t\t<div class=\"elementor-element elementor-element-51b5bc0 e-flex e-con-boxed e-con e-parent\" data-id=\"51b5bc0\" data-element_type=\"container\">\n\t\t\t\t\t<div class=\"e-con-inner\">\n\t\t\t\t<div class=\"elementor-element elementor-element-420ea49 elementor-widget elementor-widget-text-editor\" data-id=\"420ea49\" data-element_type=\"widget\" data-widget_type=\"text-editor.default\">\n\t\t\t\t<div class=\"elementor-widget-container\">\n\t\t\t\t\t\t\t\t\t<p>AGGIORNATO \u2013 LUGLIO 2025<\/p>\t\t\t\t\t\t\t\t<\/div>\n\t\t\t\t<\/div>\n\t\t\t\t<div class=\"elementor-element elementor-element-b31c074 elementor-widget elementor-widget-heading\" data-id=\"b31c074\" data-element_type=\"widget\" data-widget_type=\"heading.default\">\n\t\t\t\t<div class=\"elementor-widget-container\">\n\t\t\t\t\t<h2 class=\"elementor-heading-title elementor-size-default\">Informativa sulla privacy<\/h2>\t\t\t\t<\/div>\n\t\t\t\t<\/div>\n\t\t\t\t<div class=\"elementor-element elementor-element-270627a elementor-widget elementor-widget-text-editor\" data-id=\"270627a\" data-element_type=\"widget\" data-widget_type=\"text-editor.default\">\n\t\t\t\t<div class=\"elementor-widget-container\">\n\t\t\t\t\t\t\t\t\t<h3 data-pm-slice=\"1 1 []\">1. Chi Siamo<\/h3><p>In <strong>Villa Ella<\/strong> comprendiamo quanto sia importante la tua privacy e ci impegniamo a proteggere e rispettare i tuoi dati personali. Questa Informativa sulla privacy descrive cosa puoi aspettarti da noi riguardo ai tuoi dati personali quando visiti il nostro sito web, ci contatti o utilizzi i nostri servizi. Ti invitiamo a leggerla attentamente.<\/p><p>Il nostro obiettivo \u00e8 offrirti un\u2019esperienza personalizzata e semplice, in qualsiasi momento e ovunque, indipendentemente dal dispositivo che utilizzi. Ci\u00f2 richiede la raccolta di alcuni dati personali, ma vogliamo che tu abbia il controllo su di essi e sia informato sul loro utilizzo.\n\nLa tua sicurezza e fiducia sono la nostra priorit\u00e0, quindi ci impegniamo a non vendere, affittare o divulgare pubblicamente i tuoi dati.<\/p><h3>2. Come Utilizziamo i Tuoi Dati<\/h3><p>I dati personali che possiamo raccogliere includono il tuo nome, indirizzo email e altre informazioni relative alla tua identit\u00e0. Li raccogliamo esclusivamente quando ce li fornisci volontariamente o quando sono necessari per l\u2019utilizzo del nostro sito web.<\/p><p>I dati vengono utilizzati per:<\/p><ul data-spread=\"false\"><li><p>Miglioramento delle prestazioni del sito web e garanzia di contenuti pertinenti;<\/p><\/li><li><p>Ottimizzazione della visualizzazione della pagina in base alle impostazioni del browser;<\/p><\/li><li><p>Amministrazione del sito web, analisi dei dati e miglioramento dell\u2019esperienza utente;<\/p><\/li><li><p>Rispondere alle tue richieste e fornire le informazioni richieste.<\/p><\/li><\/ul><h3>3. Cookies<\/h3><p>I cookie sono piccoli file di testo memorizzati sul tuo dispositivo che consentono il corretto funzionamento del sito web.<\/p><p>Il nostro sito web utilizza solo cookie essenziali che garantiscono la funzionalit\u00e0 del sito e non raccolgono i tuoi dati personali. Per questo motivo, il tuo consenso preventivo non \u00e8 necessario, ma vogliamo che tu sia informato sul loro utilizzo.<\/p><p><strong>Cookie Che Utilizziamo:<\/strong><\/p><ul data-spread=\"false\"><li><p><strong>PH_HPXY_CHECK<\/strong> (Temporaneo \u2013 Sessione): Utilizzato per memorizzare i dati della sessione corrente.<\/p><\/li><\/ul><h3>4. Modulo di Contatto ed Email<\/h3><p>Se ci contatti tramite il modulo di contatto o email, potremmo memorizzare il tuo messaggio e la nostra risposta per migliorare il servizio e facilitare la comunicazione futura.<\/p><h3>5. I Tuoi Diritti<\/h3><p>In merito alla raccolta e al trattamento dei tuoi dati personali, hai i seguenti diritti:<\/p><ul data-spread=\"false\"><li><p><strong>Diritto di Opposizione<\/strong> Puoi presentare un reclamo all'autorit\u00e0 di controllo se ritieni che il trattamento dei tuoi dati sia illecito. In Croazia, questa \u00e8 l'Agenzia per la protezione dei dati personali (AZOP), Selska cesta 136, 10000 Zagabria, email: <a>azop@azop.hr<\/a>, web: <a href=\"https:\/\/azop.hr\">https:\/\/azop.hr<\/a>.<\/p><\/li><li><p><strong>Diritto di Accesso<\/strong> Puoi richiedere informazioni sui dati che raccogliamo su di te.<\/p><\/li><li><p><strong>Diritto alla Rettifica<\/strong> - Puoi richiedere la correzione dei dati errati.<\/p><\/li><li><p><strong>Diritto alla Cancellazione<\/strong> - Puoi richiedere la cancellazione dei tuoi dati quando possibile.<\/p><\/li><li><p><strong>Diritto alla Limitazione del Trattamento<\/strong> - Puoi richiedere la limitazione dell'uso dei tuoi dati.<\/p><\/li><li><p><strong>Diritto alla Portabilit\u00e0 dei Dati<\/strong> - Puoi richiedere il trasferimento dei dati a un altro fornitore di servizi.<\/p><\/li><\/ul><p>Per esercitare i tuoi diritti, contattaci a <b>ahubicka@gmail.com<\/b><\/p><p>Se hai dato il consenso al trattamento dei dati, puoi revocarlo in qualsiasi momento, senza influire sulla legalit\u00e0 del trattamento prima della revoca del consenso.<\/p><h3>6. Modifiche alle Regole<\/h3><p>Villa Ella pu\u00f2 modificare questi Termini sulla privacy in qualsiasi momento pubblicando il testo modificato sul sito web. <strong>luxuryvillaella.com<\/strong>. Vi consigliamo di rivederli periodicamente. Se non sei d\u2019accordo con le modifiche, smetti di utilizzare il sito web.<\/p><p>Le modifiche entrano in vigore immediatamente dopo la pubblicazione. L'uso continuato del sito significa che accetti i Termini sulla privacy modificati.<\/p><h3>7. Contatto<\/h3><p>Per qualsiasi domanda, commento o richiesta relativa a questi Termini sulla privacy, puoi contattarci esclusivamente via e-mail. <b>ahubicka@gmail.com<\/b><\/p><p>Ci riserviamo il diritto di aggiornare periodicamente questo documento in conformit\u00e0 con le normative legali e le modifiche nei metodi di trattamento dei dati, ma i tuoi diritti non saranno limitati senza il tuo consenso. Sarai tempestivamente informato di eventuali modifiche importanti.<\/p><div>\u00a0<\/div>\t\t\t\t\t\t\t\t<\/div>\n\t\t\t\t<\/div>\n\t\t\t\t\t<\/div>\n\t\t\t\t<\/div>\n\t\t\t\t<\/div>","protected":false},"excerpt":{"rendered":"<p>A\u017dURIRANO &#8211; SRPANJ 2025 Pravila privatnosti 1. O nama U Villa Ella razumijemo koliko vam je va\u0161a privatnost va\u017ena i posve\u0107eni smo za\u0161titi i po\u0161tivanju va\u0161ih osobnih podataka. Ova Pravila privatnosti opisuju \u0161to mo\u017eete o\u010dekivati od nas u vezi s va\u0161im osobnim podacima kada posjetite na\u0161u web stranicu, stupite u kontakt s nama ili koristite [&hellip;]<\/p>","protected":false},"author":1,"featured_media":0,"parent":0,"menu_order":0,"comment_status":"closed","ping_status":"closed","template":"elementor_header_footer","meta":{"inline_featured_image":false,"footnotes":""},"class_list":["post-38","page","type-page","status-publish","hentry"],"yoast_head":"<!-- This site is optimized with the Yoast SEO plugin v25.6 - https:\/\/yoast.com\/wordpress\/plugins\/seo\/ -->\n<title>Pravila privatnosti - Luksuzna vila za odmor u Mo\u0161\u0107eni\u0107koj Dragi<\/title>\n<meta name=\"description\" content=\"% %\" \/>\n<meta name=\"robots\" content=\"index, follow, max-snippet:-1, max-image-preview:large, max-video-preview:-1\" \/>\n<link rel=\"canonical\" href=\"https:\/\/luxuryvillaella.com\/it\/uvjeti-i-odredbe\/\" \/>\n<meta property=\"og:locale\" content=\"it_IT\" \/>\n<meta property=\"og:type\" content=\"article\" \/>\n<meta property=\"og:title\" content=\"Pravila privatnosti - Luksuzna vila za odmor u Mo\u0161\u0107eni\u0107koj Dragi\" \/>\n<meta property=\"og:description\" content=\"% %\" \/>\n<meta property=\"og:url\" content=\"https:\/\/luxuryvillaella.com\/it\/uvjeti-i-odredbe\/\" \/>\n<meta property=\"og:site_name\" content=\"Luxury Villa Ella\" \/>\n<meta property=\"article:modified_time\" content=\"2025-07-30T10:24:42+00:00\" \/>\n<meta property=\"og:image\" content=\"https:\/\/luxuryvillaella.com\/wp-content\/uploads\/2025\/02\/SEO-2.jpg\" \/>\n\t<meta property=\"og:image:width\" content=\"1200\" \/>\n\t<meta property=\"og:image:height\" content=\"675\" \/>\n\t<meta property=\"og:image:type\" content=\"image\/jpeg\" \/>\n<meta name=\"twitter:card\" content=\"summary_large_image\" \/>\n<meta name=\"twitter:label1\" content=\"Tempo di lettura stimato\" \/>\n\t<meta name=\"twitter:data1\" content=\"3 minuti\" \/>\n<script type=\"application\/ld+json\" class=\"yoast-schema-graph\">{\"@context\":\"https:\/\/schema.org\",\"@graph\":[{\"@type\":\"WebPage\",\"@id\":\"https:\/\/luxuryvillaella.com\/uvjeti-i-odredbe\/\",\"url\":\"https:\/\/luxuryvillaella.com\/uvjeti-i-odredbe\/\",\"name\":\"Pravila privatnosti - Luksuzna vila za odmor u Mo\u0161\u0107eni\u0107koj Dragi\",\"isPartOf\":{\"@id\":\"https:\/\/luxuryvillaella.com\/#website\"},\"datePublished\":\"2025-01-15T12:54:08+00:00\",\"dateModified\":\"2025-07-30T10:24:42+00:00\",\"description\":\"% %\",\"breadcrumb\":{\"@id\":\"https:\/\/luxuryvillaella.com\/uvjeti-i-odredbe\/#breadcrumb\"},\"inLanguage\":\"it-IT\",\"potentialAction\":[{\"@type\":\"ReadAction\",\"target\":[\"https:\/\/luxuryvillaella.com\/uvjeti-i-odredbe\/\"]}]},{\"@type\":\"BreadcrumbList\",\"@id\":\"https:\/\/luxuryvillaella.com\/uvjeti-i-odredbe\/#breadcrumb\",\"itemListElement\":[{\"@type\":\"ListItem\",\"position\":1,\"name\":\"Home\",\"item\":\"https:\/\/luxuryvillaella.com\/\"},{\"@type\":\"ListItem\",\"position\":2,\"name\":\"Pravila privatnosti\"}]},{\"@type\":\"WebSite\",\"@id\":\"https:\/\/luxuryvillaella.com\/#website\",\"url\":\"https:\/\/luxuryvillaella.com\/\",\"name\":\"Luxury Villa Ella\",\"description\":\"Luksuzna vila za odmor u Mo\u0161\u0107eni\u0107koj Dragi\",\"publisher\":{\"@id\":\"https:\/\/luxuryvillaella.com\/#organization\"},\"potentialAction\":[{\"@type\":\"SearchAction\",\"target\":{\"@type\":\"EntryPoint\",\"urlTemplate\":\"https:\/\/luxuryvillaella.com\/?s={search_term_string}\"},\"query-input\":{\"@type\":\"PropertyValueSpecification\",\"valueRequired\":true,\"valueName\":\"search_term_string\"}}],\"inLanguage\":\"it-IT\"},{\"@type\":\"Organization\",\"@id\":\"https:\/\/luxuryvillaella.com\/#organization\",\"name\":\"Luxury Villa Ella\",\"url\":\"https:\/\/luxuryvillaella.com\/\",\"logo\":{\"@type\":\"ImageObject\",\"inLanguage\":\"it-IT\",\"@id\":\"https:\/\/luxuryvillaella.com\/#\/schema\/logo\/image\/\",\"url\":\"https:\/\/luxuryvillaella.com\/wp-content\/uploads\/2025\/01\/Favicon.svg\",\"contentUrl\":\"https:\/\/luxuryvillaella.com\/wp-content\/uploads\/2025\/01\/Favicon.svg\",\"width\":512,\"height\":512,\"caption\":\"Luxury Villa Ella\"},\"image\":{\"@id\":\"https:\/\/luxuryvillaella.com\/#\/schema\/logo\/image\/\"}}]}<\/script>\n<!-- \/ Yoast SEO plugin. -->","yoast_head_json":{"title":"Pravila privatnosti - Luksuzna vila za odmor u Mo\u0161\u0107eni\u0107koj Dragi","description":"% %","robots":{"index":"index","follow":"follow","max-snippet":"max-snippet:-1","max-image-preview":"max-image-preview:large","max-video-preview":"max-video-preview:-1"},"canonical":"https:\/\/luxuryvillaella.com\/it\/uvjeti-i-odredbe\/","og_locale":"it_IT","og_type":"article","og_title":"Pravila privatnosti - Luksuzna vila za odmor u Mo\u0161\u0107eni\u0107koj Dragi","og_description":"% %","og_url":"https:\/\/luxuryvillaella.com\/it\/uvjeti-i-odredbe\/","og_site_name":"Luxury Villa Ella","article_modified_time":"2025-07-30T10:24:42+00:00","og_image":[{"width":1200,"height":675,"url":"https:\/\/luxuryvillaella.com\/wp-content\/uploads\/2025\/02\/SEO-2.jpg","type":"image\/jpeg"}],"twitter_card":"summary_large_image","twitter_misc":{"Tempo di lettura stimato":"3 minuti"},"schema":{"@context":"https:\/\/schema.org","@graph":[{"@type":"WebPage","@id":"https:\/\/luxuryvillaella.com\/uvjeti-i-odredbe\/","url":"https:\/\/luxuryvillaella.com\/uvjeti-i-odredbe\/","name":"Pravila privatnosti - Luksuzna vila za odmor u Mo\u0161\u0107eni\u0107koj Dragi","isPartOf":{"@id":"https:\/\/luxuryvillaella.com\/#website"},"datePublished":"2025-01-15T12:54:08+00:00","dateModified":"2025-07-30T10:24:42+00:00","description":"% %","breadcrumb":{"@id":"https:\/\/luxuryvillaella.com\/uvjeti-i-odredbe\/#breadcrumb"},"inLanguage":"it-IT","potentialAction":[{"@type":"ReadAction","target":["https:\/\/luxuryvillaella.com\/uvjeti-i-odredbe\/"]}]},{"@type":"BreadcrumbList","@id":"https:\/\/luxuryvillaella.com\/uvjeti-i-odredbe\/#breadcrumb","itemListElement":[{"@type":"ListItem","position":1,"name":"Home","item":"https:\/\/luxuryvillaella.com\/"},{"@type":"ListItem","position":2,"name":"Pravila privatnosti"}]},{"@type":"WebSite","@id":"https:\/\/luxuryvillaella.com\/#website","url":"https:\/\/luxuryvillaella.com\/","name":"Luxury Villa Ella","description":"Luksuzna vila za odmor u Mo\u0161\u0107eni\u0107koj Dragi","publisher":{"@id":"https:\/\/luxuryvillaella.com\/#organization"},"potentialAction":[{"@type":"SearchAction","target":{"@type":"EntryPoint","urlTemplate":"https:\/\/luxuryvillaella.com\/?s={search_term_string}"},"query-input":{"@type":"PropertyValueSpecification","valueRequired":true,"valueName":"search_term_string"}}],"inLanguage":"it-IT"},{"@type":"Organization","@id":"https:\/\/luxuryvillaella.com\/#organization","name":"Luxury Villa Ella","url":"https:\/\/luxuryvillaella.com\/","logo":{"@type":"ImageObject","inLanguage":"it-IT","@id":"https:\/\/luxuryvillaella.com\/#\/schema\/logo\/image\/","url":"https:\/\/luxuryvillaella.com\/wp-content\/uploads\/2025\/01\/Favicon.svg","contentUrl":"https:\/\/luxuryvillaella.com\/wp-content\/uploads\/2025\/01\/Favicon.svg","width":512,"height":512,"caption":"Luxury Villa Ella"},"image":{"@id":"https:\/\/luxuryvillaella.com\/#\/schema\/logo\/image\/"}}]}},"_links":{"self":[{"href":"https:\/\/luxuryvillaella.com\/it\/wp-json\/wp\/v2\/pages\/38","targetHints":{"allow":["GET"]}}],"collection":[{"href":"https:\/\/luxuryvillaella.com\/it\/wp-json\/wp\/v2\/pages"}],"about":[{"href":"https:\/\/luxuryvillaella.com\/it\/wp-json\/wp\/v2\/types\/page"}],"author":[{"embeddable":true,"href":"https:\/\/luxuryvillaella.com\/it\/wp-json\/wp\/v2\/users\/1"}],"replies":[{"embeddable":true,"href":"https:\/\/luxuryvillaella.com\/it\/wp-json\/wp\/v2\/comments?post=38"}],"version-history":[{"count":7,"href":"https:\/\/luxuryvillaella.com\/it\/wp-json\/wp\/v2\/pages\/38\/revisions"}],"predecessor-version":[{"id":4683,"href":"https:\/\/luxuryvillaella.com\/it\/wp-json\/wp\/v2\/pages\/38\/revisions\/4683"}],"wp:attachment":[{"href":"https:\/\/luxuryvillaella.com\/it\/wp-json\/wp\/v2\/media?parent=38"}],"curies":[{"name":"wp","href":"https:\/\/api.w.org\/{rel}","templated":true}]}}