{"id":38,"date":"2025-01-15T12:54:08","date_gmt":"2025-01-15T12:54:08","guid":{"rendered":"https:\/\/luxuryvillaella.com\/?page_id=38"},"modified":"2025-07-30T11:24:42","modified_gmt":"2025-07-30T10:24:42","slug":"uvjeti-i-odredbe","status":"publish","type":"page","link":"https:\/\/luxuryvillaella.com\/de\/uvjeti-i-odredbe\/","title":{"rendered":"Datenschutzrichtlinie"},"content":{"rendered":"<div data-elementor-type=\"wp-page\" data-elementor-id=\"38\" class=\"elementor elementor-38\" data-elementor-post-type=\"page\">\n\t\t\t\t<div class=\"elementor-element elementor-element-51b5bc0 e-flex e-con-boxed e-con e-parent\" data-id=\"51b5bc0\" data-element_type=\"container\">\n\t\t\t\t\t<div class=\"e-con-inner\">\n\t\t\t\t<div class=\"elementor-element elementor-element-420ea49 elementor-widget elementor-widget-text-editor\" data-id=\"420ea49\" data-element_type=\"widget\" data-widget_type=\"text-editor.default\">\n\t\t\t\t<div class=\"elementor-widget-container\">\n\t\t\t\t\t\t\t\t\t<p>AKTUALISIERT \u2013 JULI 2025<\/p>\t\t\t\t\t\t\t\t<\/div>\n\t\t\t\t<\/div>\n\t\t\t\t<div class=\"elementor-element elementor-element-b31c074 elementor-widget elementor-widget-heading\" data-id=\"b31c074\" data-element_type=\"widget\" data-widget_type=\"heading.default\">\n\t\t\t\t<div class=\"elementor-widget-container\">\n\t\t\t\t\t<h2 class=\"elementor-heading-title elementor-size-default\">Datenschutzrichtlinie<\/h2>\t\t\t\t<\/div>\n\t\t\t\t<\/div>\n\t\t\t\t<div class=\"elementor-element elementor-element-270627a elementor-widget elementor-widget-text-editor\" data-id=\"270627a\" data-element_type=\"widget\" data-widget_type=\"text-editor.default\">\n\t\t\t\t<div class=\"elementor-widget-container\">\n\t\t\t\t\t\t\t\t\t<h3 data-pm-slice=\"1 1 []\">1. \u00dcber Uns<\/h3><p>In <strong>Villa Ella<\/strong> verstehen wir, wie wichtig Ihre Privatsph\u00e4re ist, und verpflichten uns, Ihre pers\u00f6nlichen Daten zu sch\u00fctzen und zu respektieren. Diese Datenschutzrichtlinie beschreibt, was Sie von uns in Bezug auf Ihre pers\u00f6nlichen Daten erwarten k\u00f6nnen, wenn Sie unsere Website besuchen, uns kontaktieren oder unsere Dienstleistungen nutzen. Bitte lesen Sie sie sorgf\u00e4ltig durch.<\/p><p>Unser Ziel ist es, Ihnen eine personalisierte und einfache Erfahrung zu bieten \u2013 jederzeit und \u00fcberall, unabh\u00e4ngig vom Ger\u00e4t, das Sie verwenden. Dazu ist die Erfassung bestimmter personenbezogener Daten erforderlich, aber wir m\u00f6chten, dass Sie die Kontrolle dar\u00fcber behalten und \u00fcber deren Verwendung informiert sind.\n\nIhre Sicherheit und Ihr Vertrauen sind unsere Priorit\u00e4t, daher verpflichten wir uns, Ihre Daten nicht zu verkaufen, zu vermieten oder \u00f6ffentlich bekannt zu geben.<\/p><h3>2. Wie Wir Ihre Daten Nutzen<\/h3><p>Die personenbezogenen Daten, die wir m\u00f6glicherweise erfassen, umfassen Ihren Namen, Ihre E-Mail-Adresse und andere Informationen, die mit Ihrer Identit\u00e4t verbunden sind. Wir erfassen diese ausschlie\u00dflich, wenn Sie sie uns freiwillig zur Verf\u00fcgung stellen oder wenn sie f\u00fcr die Nutzung unserer Website erforderlich sind.<\/p><p>Die Daten werden verwendet f\u00fcr:<\/p><ul data-spread=\"false\"><li><p>Verbesserung der Website-Leistung und Sicherstellung relevanter Inhalte;<\/p><\/li><li><p>Optimierung der Seitendarstellung gem\u00e4\u00df Ihren Browsereinstellungen;<\/p><\/li><li><p>Verwaltung der Website, Datenanalyse und Verbesserung der Benutzererfahrung;<\/p><\/li><li><p>Beantwortung Ihrer Anfragen und Bereitstellung der gew\u00fcnschten Informationen.<\/p><\/li><\/ul><h3>3. Cookies<\/h3><p>Cookies sind kleine Textdateien, die auf Ihrem Ger\u00e4t gespeichert werden und das ordnungsgem\u00e4\u00dfe Funktionieren der Website erm\u00f6glichen.<\/p><p>Unsere Website verwendet nur notwendige Cookies, die die Funktionalit\u00e4t der Seite gew\u00e4hrleisten und keine pers\u00f6nlichen Daten sammeln. Daher ist Ihre vorherige Zustimmung nicht erforderlich, aber wir m\u00f6chten, dass Sie \u00fcber deren Verwendung informiert sind.<\/p><p><strong>Cookies, Die Wir Verwenden:<\/strong><\/p><ul data-spread=\"false\"><li><p><strong>PH_HPXY_CHECK<\/strong> (Tempor\u00e4r \u2013 Sitzung): Wird verwendet, um Daten \u00fcber die aktuelle Sitzung zu speichern<\/p><\/li><\/ul><h3>4. Kontaktformular und E-Mail<\/h3><p>Wenn Sie uns \u00fcber das Kontaktformular oder per E-Mail kontaktieren, k\u00f6nnen wir Ihre Nachricht und unsere Antwort speichern, um unseren Service zu verbessern und die zuk\u00fcnftige Kommunikation zu erleichtern.<\/p><h3>5. Ihre Rechte<\/h3><p>Im Zusammenhang mit der Erhebung und Verarbeitung Ihrer personenbezogenen Daten haben Sie folgende Rechte:<\/p><ul data-spread=\"false\"><li><p><strong>Recht auf Widerspruch<\/strong> Sie k\u00f6nnen bei der zust\u00e4ndigen Aufsichtsbeh\u00f6rde Beschwerde einlegen, wenn Sie der Meinung sind, dass die Verarbeitung Ihrer Daten rechtswidrig ist. In Kroatien ist dies die Agentur f\u00fcr den Schutz personenbezogener Daten (AZOP), Selska cesta 136, 10000 Zagreb, E-Mail: <a>azop@azop.hr<\/a>, web: <a href=\"https:\/\/azop.hr\">https:\/\/azop.hr<\/a>.<\/p><\/li><li><p><strong>Recht auf Zugang<\/strong> Sie k\u00f6nnen Informationen \u00fcber die Daten anfordern, die wir \u00fcber Sie erheben.<\/p><\/li><li><p><strong>Recht auf Berichtigung<\/strong> - Sie k\u00f6nnen die Berichtigung ungenauer Daten anfordern.<\/p><\/li><li><p><strong>Recht auf L\u00f6schung<\/strong> - Sie k\u00f6nnen die L\u00f6schung Ihrer Daten anfordern, wenn dies m\u00f6glich ist.<\/p><\/li><li><p><strong>Recht auf Einschr\u00e4nkung der Verarbeitung<\/strong> - Sie k\u00f6nnen die Einschr\u00e4nkung der Verwendung Ihrer Daten anfordern.<\/p><\/li><li><p><strong>Recht auf Daten\u00fcbertragbarkeit<\/strong> - Sie k\u00f6nnen die \u00dcbertragung von Daten an einen anderen Dienstanbieter anfordern.<\/p><\/li><\/ul><p>Um Ihre Rechte auszu\u00fcben, kontaktieren Sie uns unter <b>ahubicka@gmail.com<\/b><\/p><p>Wenn Sie Ihre Einwilligung zur Verarbeitung von Daten gegeben haben, k\u00f6nnen Sie diese jederzeit widerrufen, ohne die Rechtm\u00e4\u00dfigkeit der Verarbeitung vor dem Widerruf der Einwilligung zu beeintr\u00e4chtigen.<\/p><h3>6. \u00c4nderungen der Regeln<\/h3><p>Villa Ella kann diese Datenschutzbestimmungen jederzeit durch Ver\u00f6ffentlichung des ge\u00e4nderten Textes auf der Website \u00e4ndern. <strong>luxuryvillaella.com<\/strong>. Wir empfehlen, diese gelegentlich zu \u00fcberpr\u00fcfen. Wenn Sie mit den \u00c4nderungen nicht einverstanden sind, h\u00f6ren Sie bitte auf, die Website zu nutzen.<\/p><p>Die \u00c4nderungen treten sofort nach der Ver\u00f6ffentlichung in Kraft. Die fortgesetzte Nutzung der Website bedeutet, dass Sie die ge\u00e4nderten Datenschutzbestimmungen akzeptieren.<\/p><h3>7. Kontakt<\/h3><p>F\u00fcr alle Fragen, Kommentare und Anfragen zu diesen Datenschutzbestimmungen k\u00f6nnen Sie uns ausschlie\u00dflich per E-Mail kontaktieren. <b>ahubicka@gmail.com<\/b><\/p><p>Wir behalten uns das Recht vor, dieses Dokument periodisch gem\u00e4\u00df den gesetzlichen Vorschriften und \u00c4nderungen in den Methoden der Datenverarbeitung zu aktualisieren, aber Ihre Rechte werden ohne Ihre Zustimmung nicht eingeschr\u00e4nkt. Sie werden rechtzeitig \u00fcber wichtige \u00c4nderungen informiert.<\/p><div>\u00a0<\/div>\t\t\t\t\t\t\t\t<\/div>\n\t\t\t\t<\/div>\n\t\t\t\t\t<\/div>\n\t\t\t\t<\/div>\n\t\t\t\t<\/div>","protected":false},"excerpt":{"rendered":"<p>A\u017dURIRANO &#8211; SRPANJ 2025 Pravila privatnosti 1. O nama U Villa Ella razumijemo koliko vam je va\u0161a privatnost va\u017ena i posve\u0107eni smo za\u0161titi i po\u0161tivanju va\u0161ih osobnih podataka. Ova Pravila privatnosti opisuju \u0161to mo\u017eete o\u010dekivati od nas u vezi s va\u0161im osobnim podacima kada posjetite na\u0161u web stranicu, stupite u kontakt s nama ili koristite [&hellip;]<\/p>","protected":false},"author":1,"featured_media":0,"parent":0,"menu_order":0,"comment_status":"closed","ping_status":"closed","template":"elementor_header_footer","meta":{"inline_featured_image":false,"footnotes":""},"class_list":["post-38","page","type-page","status-publish","hentry"],"yoast_head":"<!-- This site is optimized with the Yoast SEO plugin v25.6 - https:\/\/yoast.com\/wordpress\/plugins\/seo\/ -->\n<title>Pravila privatnosti - Luksuzna vila za odmor u Mo\u0161\u0107eni\u0107koj Dragi<\/title>\n<meta name=\"description\" content=\"% %\" \/>\n<meta name=\"robots\" content=\"index, follow, max-snippet:-1, max-image-preview:large, max-video-preview:-1\" \/>\n<link rel=\"canonical\" href=\"https:\/\/luxuryvillaella.com\/de\/uvjeti-i-odredbe\/\" \/>\n<meta property=\"og:locale\" content=\"de_DE\" \/>\n<meta property=\"og:type\" content=\"article\" \/>\n<meta property=\"og:title\" content=\"Pravila privatnosti - Luksuzna vila za odmor u Mo\u0161\u0107eni\u0107koj Dragi\" \/>\n<meta property=\"og:description\" content=\"% %\" \/>\n<meta property=\"og:url\" content=\"https:\/\/luxuryvillaella.com\/de\/uvjeti-i-odredbe\/\" \/>\n<meta property=\"og:site_name\" content=\"Luxury Villa Ella\" \/>\n<meta property=\"article:modified_time\" content=\"2025-07-30T10:24:42+00:00\" \/>\n<meta property=\"og:image\" content=\"https:\/\/luxuryvillaella.com\/wp-content\/uploads\/2025\/02\/SEO-2.jpg\" \/>\n\t<meta property=\"og:image:width\" content=\"1200\" \/>\n\t<meta property=\"og:image:height\" content=\"675\" \/>\n\t<meta property=\"og:image:type\" content=\"image\/jpeg\" \/>\n<meta name=\"twitter:card\" content=\"summary_large_image\" \/>\n<meta name=\"twitter:label1\" content=\"Gesch\u00e4tzte Lesezeit\" \/>\n\t<meta name=\"twitter:data1\" content=\"3\u00a0Minuten\" \/>\n<script type=\"application\/ld+json\" class=\"yoast-schema-graph\">{\"@context\":\"https:\/\/schema.org\",\"@graph\":[{\"@type\":\"WebPage\",\"@id\":\"https:\/\/luxuryvillaella.com\/uvjeti-i-odredbe\/\",\"url\":\"https:\/\/luxuryvillaella.com\/uvjeti-i-odredbe\/\",\"name\":\"Pravila privatnosti - Luksuzna vila za odmor u Mo\u0161\u0107eni\u0107koj Dragi\",\"isPartOf\":{\"@id\":\"https:\/\/luxuryvillaella.com\/#website\"},\"datePublished\":\"2025-01-15T12:54:08+00:00\",\"dateModified\":\"2025-07-30T10:24:42+00:00\",\"description\":\"% %\",\"breadcrumb\":{\"@id\":\"https:\/\/luxuryvillaella.com\/uvjeti-i-odredbe\/#breadcrumb\"},\"inLanguage\":\"de\",\"potentialAction\":[{\"@type\":\"ReadAction\",\"target\":[\"https:\/\/luxuryvillaella.com\/uvjeti-i-odredbe\/\"]}]},{\"@type\":\"BreadcrumbList\",\"@id\":\"https:\/\/luxuryvillaella.com\/uvjeti-i-odredbe\/#breadcrumb\",\"itemListElement\":[{\"@type\":\"ListItem\",\"position\":1,\"name\":\"Home\",\"item\":\"https:\/\/luxuryvillaella.com\/\"},{\"@type\":\"ListItem\",\"position\":2,\"name\":\"Pravila privatnosti\"}]},{\"@type\":\"WebSite\",\"@id\":\"https:\/\/luxuryvillaella.com\/#website\",\"url\":\"https:\/\/luxuryvillaella.com\/\",\"name\":\"Luxury Villa Ella\",\"description\":\"Luksuzna vila za odmor u Mo\u0161\u0107eni\u0107koj Dragi\",\"publisher\":{\"@id\":\"https:\/\/luxuryvillaella.com\/#organization\"},\"potentialAction\":[{\"@type\":\"SearchAction\",\"target\":{\"@type\":\"EntryPoint\",\"urlTemplate\":\"https:\/\/luxuryvillaella.com\/?s={search_term_string}\"},\"query-input\":{\"@type\":\"PropertyValueSpecification\",\"valueRequired\":true,\"valueName\":\"search_term_string\"}}],\"inLanguage\":\"de\"},{\"@type\":\"Organization\",\"@id\":\"https:\/\/luxuryvillaella.com\/#organization\",\"name\":\"Luxury Villa Ella\",\"url\":\"https:\/\/luxuryvillaella.com\/\",\"logo\":{\"@type\":\"ImageObject\",\"inLanguage\":\"de\",\"@id\":\"https:\/\/luxuryvillaella.com\/#\/schema\/logo\/image\/\",\"url\":\"https:\/\/luxuryvillaella.com\/wp-content\/uploads\/2025\/01\/Favicon.svg\",\"contentUrl\":\"https:\/\/luxuryvillaella.com\/wp-content\/uploads\/2025\/01\/Favicon.svg\",\"width\":512,\"height\":512,\"caption\":\"Luxury Villa Ella\"},\"image\":{\"@id\":\"https:\/\/luxuryvillaella.com\/#\/schema\/logo\/image\/\"}}]}<\/script>\n<!-- \/ Yoast SEO plugin. -->","yoast_head_json":{"title":"Pravila privatnosti - Luksuzna vila za odmor u Mo\u0161\u0107eni\u0107koj Dragi","description":"% %","robots":{"index":"index","follow":"follow","max-snippet":"max-snippet:-1","max-image-preview":"max-image-preview:large","max-video-preview":"max-video-preview:-1"},"canonical":"https:\/\/luxuryvillaella.com\/de\/uvjeti-i-odredbe\/","og_locale":"de_DE","og_type":"article","og_title":"Pravila privatnosti - Luksuzna vila za odmor u Mo\u0161\u0107eni\u0107koj Dragi","og_description":"% %","og_url":"https:\/\/luxuryvillaella.com\/de\/uvjeti-i-odredbe\/","og_site_name":"Luxury Villa Ella","article_modified_time":"2025-07-30T10:24:42+00:00","og_image":[{"width":1200,"height":675,"url":"https:\/\/luxuryvillaella.com\/wp-content\/uploads\/2025\/02\/SEO-2.jpg","type":"image\/jpeg"}],"twitter_card":"summary_large_image","twitter_misc":{"Gesch\u00e4tzte Lesezeit":"3\u00a0Minuten"},"schema":{"@context":"https:\/\/schema.org","@graph":[{"@type":"WebPage","@id":"https:\/\/luxuryvillaella.com\/uvjeti-i-odredbe\/","url":"https:\/\/luxuryvillaella.com\/uvjeti-i-odredbe\/","name":"Pravila privatnosti - Luksuzna vila za odmor u Mo\u0161\u0107eni\u0107koj Dragi","isPartOf":{"@id":"https:\/\/luxuryvillaella.com\/#website"},"datePublished":"2025-01-15T12:54:08+00:00","dateModified":"2025-07-30T10:24:42+00:00","description":"% %","breadcrumb":{"@id":"https:\/\/luxuryvillaella.com\/uvjeti-i-odredbe\/#breadcrumb"},"inLanguage":"de","potentialAction":[{"@type":"ReadAction","target":["https:\/\/luxuryvillaella.com\/uvjeti-i-odredbe\/"]}]},{"@type":"BreadcrumbList","@id":"https:\/\/luxuryvillaella.com\/uvjeti-i-odredbe\/#breadcrumb","itemListElement":[{"@type":"ListItem","position":1,"name":"Home","item":"https:\/\/luxuryvillaella.com\/"},{"@type":"ListItem","position":2,"name":"Pravila privatnosti"}]},{"@type":"WebSite","@id":"https:\/\/luxuryvillaella.com\/#website","url":"https:\/\/luxuryvillaella.com\/","name":"Luxury Villa Ella","description":"Luksuzna vila za odmor u Mo\u0161\u0107eni\u0107koj Dragi","publisher":{"@id":"https:\/\/luxuryvillaella.com\/#organization"},"potentialAction":[{"@type":"SearchAction","target":{"@type":"EntryPoint","urlTemplate":"https:\/\/luxuryvillaella.com\/?s={search_term_string}"},"query-input":{"@type":"PropertyValueSpecification","valueRequired":true,"valueName":"search_term_string"}}],"inLanguage":"de"},{"@type":"Organization","@id":"https:\/\/luxuryvillaella.com\/#organization","name":"Luxury Villa Ella","url":"https:\/\/luxuryvillaella.com\/","logo":{"@type":"ImageObject","inLanguage":"de","@id":"https:\/\/luxuryvillaella.com\/#\/schema\/logo\/image\/","url":"https:\/\/luxuryvillaella.com\/wp-content\/uploads\/2025\/01\/Favicon.svg","contentUrl":"https:\/\/luxuryvillaella.com\/wp-content\/uploads\/2025\/01\/Favicon.svg","width":512,"height":512,"caption":"Luxury Villa Ella"},"image":{"@id":"https:\/\/luxuryvillaella.com\/#\/schema\/logo\/image\/"}}]}},"_links":{"self":[{"href":"https:\/\/luxuryvillaella.com\/de\/wp-json\/wp\/v2\/pages\/38","targetHints":{"allow":["GET"]}}],"collection":[{"href":"https:\/\/luxuryvillaella.com\/de\/wp-json\/wp\/v2\/pages"}],"about":[{"href":"https:\/\/luxuryvillaella.com\/de\/wp-json\/wp\/v2\/types\/page"}],"author":[{"embeddable":true,"href":"https:\/\/luxuryvillaella.com\/de\/wp-json\/wp\/v2\/users\/1"}],"replies":[{"embeddable":true,"href":"https:\/\/luxuryvillaella.com\/de\/wp-json\/wp\/v2\/comments?post=38"}],"version-history":[{"count":7,"href":"https:\/\/luxuryvillaella.com\/de\/wp-json\/wp\/v2\/pages\/38\/revisions"}],"predecessor-version":[{"id":4683,"href":"https:\/\/luxuryvillaella.com\/de\/wp-json\/wp\/v2\/pages\/38\/revisions\/4683"}],"wp:attachment":[{"href":"https:\/\/luxuryvillaella.com\/de\/wp-json\/wp\/v2\/media?parent=38"}],"curies":[{"name":"wp","href":"https:\/\/api.w.org\/{rel}","templated":true}]}}